{"id":262,"date":"2025-11-06T13:25:00","date_gmt":"2025-11-06T12:25:00","guid":{"rendered":"https:\/\/test.nataliaszatybelko.pl\/?page_id=262"},"modified":"2025-11-11T12:10:02","modified_gmt":"2025-11-11T11:10:02","slug":"galeria","status":"publish","type":"page","link":"https:\/\/test.nataliaszatybelko.pl\/?page_id=262","title":{"rendered":"Galeria"},"content":{"rendered":"\t\t<div data-elementor-type=\"wp-page\" data-elementor-id=\"262\" class=\"elementor elementor-262\" data-elementor-post-type=\"page\">\n\t\t\t\t\t\t<section class=\"elementor-section elementor-top-section elementor-element elementor-element-773383c elementor-section-stretched elementor-section-boxed elementor-section-height-default elementor-section-height-default\" data-id=\"773383c\" data-element_type=\"section\" data-settings=\"{&quot;background_background&quot;:&quot;classic&quot;,&quot;stretch_section&quot;:&quot;section-stretched&quot;}\">\n\t\t\t\t\t\t\t<div class=\"elementor-background-overlay\"><\/div>\n\t\t\t\t\t\t\t<div class=\"elementor-container elementor-column-gap-default\">\n\t\t\t\t\t<div class=\"elementor-column elementor-col-100 elementor-top-column elementor-element elementor-element-86b70ff\" data-id=\"86b70ff\" data-element_type=\"column\" data-settings=\"{&quot;background_background&quot;:&quot;classic&quot;}\">\n\t\t\t<div class=\"elementor-widget-wrap elementor-element-populated\">\n\t\t\t\t\t\t<div class=\"elementor-element elementor-element-c360d46 elementor-widget elementor-widget-heading\" data-id=\"c360d46\" data-element_type=\"widget\" data-widget_type=\"heading.default\">\n\t\t\t\t\t<h1 class=\"elementor-heading-title elementor-size-default\">REALIZACJE<\/h1>\t\t\t\t<\/div>\n\t\t\t\t<div class=\"elementor-element elementor-element-10e020a elementor-widget elementor-widget-heading\" data-id=\"10e020a\" data-element_type=\"widget\" data-widget_type=\"heading.default\">\n\t\t\t\t\t<h2 class=\"elementor-heading-title elementor-size-default\">Sprawd\u017a galeri\u0119 realizacji<\/h2>\t\t\t\t<\/div>\n\t\t\t\t<div class=\"elementor-element elementor-element-89ff22b elementor-widget-divider--view-line elementor-widget elementor-widget-divider\" data-id=\"89ff22b\" data-element_type=\"widget\" data-widget_type=\"divider.default\">\n\t\t\t\t\t\t\t<div class=\"elementor-divider\">\n\t\t\t<span class=\"elementor-divider-separator\">\n\t\t\t\t\t\t<\/span>\n\t\t<\/div>\n\t\t\t\t\t\t<\/div>\n\t\t\t\t<div class=\"elementor-element elementor-element-af13606 elementor-widget__width-initial elementor-widget elementor-widget-text-editor\" data-id=\"af13606\" data-element_type=\"widget\" data-widget_type=\"text-editor.default\">\n\t\t\t\t\t\t\t\t\t<p><span style=\"color: rgba(255, 255, 255, 0.83); font-style: inherit; font-weight: inherit;\">Je\u015bli szukasz wyj\u0105tkowych i naturalnych zdj\u0119\u0107 \u015blubnych, to jeste\u015b we w\u0142a\u015bciwym miejscu.<\/span><\/p>\t\t\t\t\t\t\t\t<\/div>\n\t\t\t\t\t<\/div>\n\t\t<\/div>\n\t\t\t\t\t<\/div>\n\t\t<\/section>\n\t\t\t\t<section class=\"elementor-section elementor-top-section elementor-element elementor-element-76cceaa elementor-section-boxed elementor-section-height-default elementor-section-height-default\" data-id=\"76cceaa\" data-element_type=\"section\">\n\t\t\t\t\t\t<div class=\"elementor-container elementor-column-gap-default\">\n\t\t\t\t\t<div class=\"elementor-column elementor-col-100 elementor-top-column elementor-element elementor-element-021ef61\" data-id=\"021ef61\" data-element_type=\"column\">\n\t\t\t<div class=\"elementor-widget-wrap elementor-element-populated\">\n\t\t\t\t\t\t<div class=\"elementor-element elementor-element-648e102 elementor-widget elementor-widget-heading\" data-id=\"648e102\" data-element_type=\"widget\" data-widget_type=\"heading.default\">\n\t\t\t\t\t<h1 class=\"elementor-heading-title elementor-size-default\"><font color=\"#c9b7a1\"><span style=\"font-size: 17px\">Fotografia \u015blubna<\/span><\/font><\/h1>\t\t\t\t<\/div>\n\t\t\t\t<div class=\"elementor-element elementor-element-903a99e elementor-widget elementor-widget-heading\" data-id=\"903a99e\" data-element_type=\"widget\" data-widget_type=\"heading.default\">\n\t\t\t\t\t<h2 class=\"elementor-heading-title elementor-size-default\">Galeria realizacji<\/h2>\t\t\t\t<\/div>\n\t\t\t\t<div class=\"elementor-element elementor-element-fbe9b61 elementor-widget-divider--view-line elementor-widget elementor-widget-divider\" data-id=\"fbe9b61\" data-element_type=\"widget\" data-widget_type=\"divider.default\">\n\t\t\t\t\t\t\t<div class=\"elementor-divider\">\n\t\t\t<span class=\"elementor-divider-separator\">\n\t\t\t\t\t\t<\/span>\n\t\t<\/div>\n\t\t\t\t\t\t<\/div>\n\t\t\t\t\t<\/div>\n\t\t<\/div>\n\t\t\t\t\t<\/div>\n\t\t<\/section>\n\t\t\t\t<section class=\"elementor-section elementor-top-section elementor-element elementor-element-015eb28 elementor-section-boxed elementor-section-height-default elementor-section-height-default\" data-id=\"015eb28\" data-element_type=\"section\">\n\t\t\t\t\t\t<div class=\"elementor-container elementor-column-gap-default\">\n\t\t\t\t\t<div class=\"elementor-column elementor-col-100 elementor-top-column elementor-element elementor-element-81333d0\" data-id=\"81333d0\" data-element_type=\"column\">\n\t\t\t<div class=\"elementor-widget-wrap elementor-element-populated\">\n\t\t\t\t\t\t<div class=\"elementor-element elementor-element-04ec3d0 elementor-widget elementor-widget-gallery\" data-id=\"04ec3d0\" data-element_type=\"widget\" data-settings=\"{&quot;gap&quot;:{&quot;unit&quot;:&quot;px&quot;,&quot;size&quot;:14,&quot;sizes&quot;:[]},&quot;gallery_layout&quot;:&quot;justified&quot;,&quot;lazyload&quot;:&quot;yes&quot;,&quot;ideal_row_height&quot;:{&quot;unit&quot;:&quot;px&quot;,&quot;size&quot;:200,&quot;sizes&quot;:[]},&quot;ideal_row_height_laptop&quot;:{&quot;unit&quot;:&quot;px&quot;,&quot;size&quot;:150,&quot;sizes&quot;:[]},&quot;ideal_row_height_tablet&quot;:{&quot;unit&quot;:&quot;px&quot;,&quot;size&quot;:150,&quot;sizes&quot;:[]},&quot;ideal_row_height_mobile&quot;:{&quot;unit&quot;:&quot;px&quot;,&quot;size&quot;:150,&quot;sizes&quot;:[]},&quot;gap_laptop&quot;:{&quot;unit&quot;:&quot;px&quot;,&quot;size&quot;:10,&quot;sizes&quot;:[]},&quot;gap_tablet&quot;:{&quot;unit&quot;:&quot;px&quot;,&quot;size&quot;:10,&quot;sizes&quot;:[]},&quot;gap_mobile&quot;:{&quot;unit&quot;:&quot;px&quot;,&quot;size&quot;:10,&quot;sizes&quot;:[]},&quot;link_to&quot;:&quot;file&quot;,&quot;overlay_background&quot;:&quot;yes&quot;,&quot;content_hover_animation&quot;:&quot;fade-in&quot;}\" data-widget_type=\"gallery.default\">\n\t\t\t\t\t\t\t<div class=\"elementor-gallery__container\">\n\t\t\t\t\t\t\t<a class=\"e-gallery-item elementor-gallery-item elementor-animated-content\" href=\"https:\/\/test.nataliaszatybelko.pl\/wp-content\/uploads\/2025\/11\/repo064-1.jpg\" data-elementor-open-lightbox=\"yes\" data-elementor-lightbox-slideshow=\"04ec3d0\" data-elementor-lightbox-title=\"repo064-1\" data-e-action-hash=\"#elementor-action%3Aaction%3Dlightbox%26settings%3DeyJpZCI6MTEyLCJ1cmwiOiJodHRwczpcL1wvdGVzdC5uYXRhbGlhc3phdHliZWxrby5wbFwvd3AtY29udGVudFwvdXBsb2Fkc1wvMjAyNVwvMTFcL3JlcG8wNjQtMS5qcGciLCJzbGlkZXNob3ciOiIwNGVjM2QwIn0%3D\">\n\t\t\t\t\t<div class=\"e-gallery-image elementor-gallery-item__image\" data-thumbnail=\"https:\/\/test.nataliaszatybelko.pl\/wp-content\/uploads\/2025\/11\/repo064-1.jpg\" data-width=\"2000\" data-height=\"1333\" aria-label=\"\" role=\"img\" ><\/div>\n\t\t\t\t\t\t\t\t\t\t\t<div class=\"elementor-gallery-item__overlay\"><\/div>\n\t\t\t\t\t\t\t\t\t\t\t\t\t\t<\/a>\n\t\t\t\t\t\t\t<a class=\"e-gallery-item elementor-gallery-item elementor-animated-content\" href=\"https:\/\/test.nataliaszatybelko.pl\/wp-content\/uploads\/2025\/11\/DSC04185-scaled-2.jpg\" data-elementor-open-lightbox=\"yes\" data-elementor-lightbox-slideshow=\"04ec3d0\" data-elementor-lightbox-title=\"DSC04185-scaled\" data-e-action-hash=\"#elementor-action%3Aaction%3Dlightbox%26settings%3DeyJpZCI6MjMwLCJ1cmwiOiJodHRwczpcL1wvdGVzdC5uYXRhbGlhc3phdHliZWxrby5wbFwvd3AtY29udGVudFwvdXBsb2Fkc1wvMjAyNVwvMTFcL0RTQzA0MTg1LXNjYWxlZC0yLmpwZyIsInNsaWRlc2hvdyI6IjA0ZWMzZDAifQ%3D%3D\">\n\t\t\t\t\t<div class=\"e-gallery-image elementor-gallery-item__image\" data-thumbnail=\"https:\/\/test.nataliaszatybelko.pl\/wp-content\/uploads\/2025\/11\/DSC04185-scaled-2.jpg\" data-width=\"2090\" data-height=\"2560\" aria-label=\"\" role=\"img\" ><\/div>\n\t\t\t\t\t\t\t\t\t\t\t<div class=\"elementor-gallery-item__overlay\"><\/div>\n\t\t\t\t\t\t\t\t\t\t\t\t\t\t<\/a>\n\t\t\t\t\t\t\t<a class=\"e-gallery-item elementor-gallery-item elementor-animated-content\" href=\"https:\/\/test.nataliaszatybelko.pl\/wp-content\/uploads\/2025\/11\/lead-mini-4-3.jpg\" data-elementor-open-lightbox=\"yes\" data-elementor-lightbox-slideshow=\"04ec3d0\" data-elementor-lightbox-title=\"lead-mini-4-3\" data-e-action-hash=\"#elementor-action%3Aaction%3Dlightbox%26settings%3DeyJpZCI6MTEzLCJ1cmwiOiJodHRwczpcL1wvdGVzdC5uYXRhbGlhc3phdHliZWxrby5wbFwvd3AtY29udGVudFwvdXBsb2Fkc1wvMjAyNVwvMTFcL2xlYWQtbWluaS00LTMuanBnIiwic2xpZGVzaG93IjoiMDRlYzNkMCJ9\">\n\t\t\t\t\t<div class=\"e-gallery-image elementor-gallery-item__image\" data-thumbnail=\"https:\/\/test.nataliaszatybelko.pl\/wp-content\/uploads\/2025\/11\/lead-mini-4-3.jpg\" data-width=\"480\" data-height=\"480\" aria-label=\"\" role=\"img\" ><\/div>\n\t\t\t\t\t\t\t\t\t\t\t<div class=\"elementor-gallery-item__overlay\"><\/div>\n\t\t\t\t\t\t\t\t\t\t\t\t\t\t<\/a>\n\t\t\t\t\t\t\t<a class=\"e-gallery-item elementor-gallery-item elementor-animated-content\" href=\"https:\/\/test.nataliaszatybelko.pl\/wp-content\/uploads\/2025\/11\/330386466_1271462183406046_5772445179422825211_n-1.jpg\" data-elementor-open-lightbox=\"yes\" data-elementor-lightbox-slideshow=\"04ec3d0\" data-elementor-lightbox-title=\"330386466_1271462183406046_5772445179422825211_n\" data-e-action-hash=\"#elementor-action%3Aaction%3Dlightbox%26settings%3DeyJpZCI6MTEwLCJ1cmwiOiJodHRwczpcL1wvdGVzdC5uYXRhbGlhc3phdHliZWxrby5wbFwvd3AtY29udGVudFwvdXBsb2Fkc1wvMjAyNVwvMTFcLzMzMDM4NjQ2Nl8xMjcxNDYyMTgzNDA2MDQ2XzU3NzI0NDUxNzk0MjI4MjUyMTFfbi0xLmpwZyIsInNsaWRlc2hvdyI6IjA0ZWMzZDAifQ%3D%3D\">\n\t\t\t\t\t<div class=\"e-gallery-image elementor-gallery-item__image\" data-thumbnail=\"https:\/\/test.nataliaszatybelko.pl\/wp-content\/uploads\/2025\/11\/330386466_1271462183406046_5772445179422825211_n-1.jpg\" data-width=\"2048\" data-height=\"1365\" aria-label=\"\" role=\"img\" ><\/div>\n\t\t\t\t\t\t\t\t\t\t\t<div class=\"elementor-gallery-item__overlay\"><\/div>\n\t\t\t\t\t\t\t\t\t\t\t\t\t\t<\/a>\n\t\t\t\t\t\t\t<a class=\"e-gallery-item elementor-gallery-item elementor-animated-content\" href=\"https:\/\/test.nataliaszatybelko.pl\/wp-content\/uploads\/2025\/11\/1040-org_bb79e3443139e71cc9143ea956ea5de7-1.jpg\" data-elementor-open-lightbox=\"yes\" data-elementor-lightbox-slideshow=\"04ec3d0\" data-elementor-lightbox-title=\"1040-org_bb79e3443139e71cc9143ea956ea5de7\" data-e-action-hash=\"#elementor-action%3Aaction%3Dlightbox%26settings%3DeyJpZCI6MjY4LCJ1cmwiOiJodHRwczpcL1wvdGVzdC5uYXRhbGlhc3phdHliZWxrby5wbFwvd3AtY29udGVudFwvdXBsb2Fkc1wvMjAyNVwvMTFcLzEwNDAtb3JnX2JiNzllMzQ0MzEzOWU3MWNjOTE0M2VhOTU2ZWE1ZGU3LTEuanBnIiwic2xpZGVzaG93IjoiMDRlYzNkMCJ9\">\n\t\t\t\t\t<div class=\"e-gallery-image elementor-gallery-item__image\" data-thumbnail=\"https:\/\/test.nataliaszatybelko.pl\/wp-content\/uploads\/2025\/11\/1040-org_bb79e3443139e71cc9143ea956ea5de7-1.jpg\" data-width=\"1000\" data-height=\"668\" aria-label=\"\" role=\"img\" ><\/div>\n\t\t\t\t\t\t\t\t\t\t\t<div class=\"elementor-gallery-item__overlay\"><\/div>\n\t\t\t\t\t\t\t\t\t\t\t\t\t\t<\/a>\n\t\t\t\t\t\t\t<a class=\"e-gallery-item elementor-gallery-item elementor-animated-content\" href=\"https:\/\/test.nataliaszatybelko.pl\/wp-content\/uploads\/2025\/11\/plener_0032.jpg\" data-elementor-open-lightbox=\"yes\" data-elementor-lightbox-slideshow=\"04ec3d0\" data-elementor-lightbox-title=\"plener_0032\" data-e-action-hash=\"#elementor-action%3Aaction%3Dlightbox%26settings%3DeyJpZCI6OTQsInVybCI6Imh0dHBzOlwvXC90ZXN0Lm5hdGFsaWFzemF0eWJlbGtvLnBsXC93cC1jb250ZW50XC91cGxvYWRzXC8yMDI1XC8xMVwvcGxlbmVyXzAwMzIuanBnIiwic2xpZGVzaG93IjoiMDRlYzNkMCJ9\">\n\t\t\t\t\t<div class=\"e-gallery-image elementor-gallery-item__image\" data-thumbnail=\"https:\/\/test.nataliaszatybelko.pl\/wp-content\/uploads\/2025\/11\/plener_0032.jpg\" data-width=\"2000\" data-height=\"1335\" aria-label=\"\" role=\"img\" ><\/div>\n\t\t\t\t\t\t\t\t\t\t\t<div class=\"elementor-gallery-item__overlay\"><\/div>\n\t\t\t\t\t\t\t\t\t\t\t\t\t\t<\/a>\n\t\t\t\t\t\t\t<a class=\"e-gallery-item elementor-gallery-item elementor-animated-content\" href=\"https:\/\/test.nataliaszatybelko.pl\/wp-content\/uploads\/2025\/11\/DSC03326-scaled-1.jpg\" data-elementor-open-lightbox=\"yes\" data-elementor-lightbox-slideshow=\"04ec3d0\" data-elementor-lightbox-title=\"DSC03326-scaled\" data-e-action-hash=\"#elementor-action%3Aaction%3Dlightbox%26settings%3DeyJpZCI6MjI5LCJ1cmwiOiJodHRwczpcL1wvdGVzdC5uYXRhbGlhc3phdHliZWxrby5wbFwvd3AtY29udGVudFwvdXBsb2Fkc1wvMjAyNVwvMTFcL0RTQzAzMzI2LXNjYWxlZC0xLmpwZyIsInNsaWRlc2hvdyI6IjA0ZWMzZDAifQ%3D%3D\">\n\t\t\t\t\t<div class=\"e-gallery-image elementor-gallery-item__image\" data-thumbnail=\"https:\/\/test.nataliaszatybelko.pl\/wp-content\/uploads\/2025\/11\/DSC03326-scaled-1.jpg\" data-width=\"2560\" data-height=\"1707\" aria-label=\"\" role=\"img\" ><\/div>\n\t\t\t\t\t\t\t\t\t\t\t<div class=\"elementor-gallery-item__overlay\"><\/div>\n\t\t\t\t\t\t\t\t\t\t\t\t\t\t<\/a>\n\t\t\t\t\t\t\t<a class=\"e-gallery-item elementor-gallery-item elementor-animated-content\" href=\"https:\/\/test.nataliaszatybelko.pl\/wp-content\/uploads\/2025\/11\/reportaz_123-scaled-1.jpg\" data-elementor-open-lightbox=\"yes\" data-elementor-lightbox-slideshow=\"04ec3d0\" data-elementor-lightbox-title=\"reportaz_123-scaled\" data-e-action-hash=\"#elementor-action%3Aaction%3Dlightbox%26settings%3DeyJpZCI6MjI4LCJ1cmwiOiJodHRwczpcL1wvdGVzdC5uYXRhbGlhc3phdHliZWxrby5wbFwvd3AtY29udGVudFwvdXBsb2Fkc1wvMjAyNVwvMTFcL3JlcG9ydGF6XzEyMy1zY2FsZWQtMS5qcGciLCJzbGlkZXNob3ciOiIwNGVjM2QwIn0%3D\">\n\t\t\t\t\t<div class=\"e-gallery-image elementor-gallery-item__image\" data-thumbnail=\"https:\/\/test.nataliaszatybelko.pl\/wp-content\/uploads\/2025\/11\/reportaz_123-scaled-1.jpg\" data-width=\"2560\" data-height=\"1707\" aria-label=\"\" role=\"img\" ><\/div>\n\t\t\t\t\t\t\t\t\t\t\t<div class=\"elementor-gallery-item__overlay\"><\/div>\n\t\t\t\t\t\t\t\t\t\t\t\t\t\t<\/a>\n\t\t\t\t\t\t\t<a class=\"e-gallery-item elementor-gallery-item elementor-animated-content\" href=\"https:\/\/test.nataliaszatybelko.pl\/wp-content\/uploads\/2025\/11\/default-org.jpg\" data-elementor-open-lightbox=\"yes\" data-elementor-lightbox-slideshow=\"04ec3d0\" data-elementor-lightbox-title=\"default-org\" data-e-action-hash=\"#elementor-action%3Aaction%3Dlightbox%26settings%3DeyJpZCI6MjIzLCJ1cmwiOiJodHRwczpcL1wvdGVzdC5uYXRhbGlhc3phdHliZWxrby5wbFwvd3AtY29udGVudFwvdXBsb2Fkc1wvMjAyNVwvMTFcL2RlZmF1bHQtb3JnLmpwZyIsInNsaWRlc2hvdyI6IjA0ZWMzZDAifQ%3D%3D\">\n\t\t\t\t\t<div class=\"e-gallery-image elementor-gallery-item__image\" data-thumbnail=\"https:\/\/test.nataliaszatybelko.pl\/wp-content\/uploads\/2025\/11\/default-org.jpg\" data-width=\"2048\" data-height=\"1367\" aria-label=\"\" role=\"img\" ><\/div>\n\t\t\t\t\t\t\t\t\t\t\t<div class=\"elementor-gallery-item__overlay\"><\/div>\n\t\t\t\t\t\t\t\t\t\t\t\t\t\t<\/a>\n\t\t\t\t\t\t\t<a class=\"e-gallery-item elementor-gallery-item elementor-animated-content\" href=\"https:\/\/test.nataliaszatybelko.pl\/wp-content\/uploads\/2025\/11\/tomasz-piekorz-fotograf-slubny.jpg\" data-elementor-open-lightbox=\"yes\" data-elementor-lightbox-slideshow=\"04ec3d0\" data-elementor-lightbox-title=\"tomasz-piekorz-fotograf-slubny\" data-e-action-hash=\"#elementor-action%3Aaction%3Dlightbox%26settings%3DeyJpZCI6MjQ5LCJ1cmwiOiJodHRwczpcL1wvdGVzdC5uYXRhbGlhc3phdHliZWxrby5wbFwvd3AtY29udGVudFwvdXBsb2Fkc1wvMjAyNVwvMTFcL3RvbWFzei1waWVrb3J6LWZvdG9ncmFmLXNsdWJueS5qcGciLCJzbGlkZXNob3ciOiIwNGVjM2QwIn0%3D\">\n\t\t\t\t\t<div class=\"e-gallery-image elementor-gallery-item__image\" data-thumbnail=\"https:\/\/test.nataliaszatybelko.pl\/wp-content\/uploads\/2025\/11\/tomasz-piekorz-fotograf-slubny.jpg\" data-width=\"1280\" data-height=\"720\" aria-label=\"\" role=\"img\" ><\/div>\n\t\t\t\t\t\t\t\t\t\t\t<div class=\"elementor-gallery-item__overlay\"><\/div>\n\t\t\t\t\t\t\t\t\t\t\t\t\t\t<\/a>\n\t\t\t\t\t\t\t<a class=\"e-gallery-item elementor-gallery-item elementor-animated-content\" href=\"https:\/\/test.nataliaszatybelko.pl\/wp-content\/uploads\/2025\/11\/1038-org_a6df54adf3b341fb10b37f6bd8216749-1.jpg\" data-elementor-open-lightbox=\"yes\" data-elementor-lightbox-slideshow=\"04ec3d0\" data-elementor-lightbox-title=\"1038-org_a6df54adf3b341fb10b37f6bd8216749\" data-e-action-hash=\"#elementor-action%3Aaction%3Dlightbox%26settings%3DeyJpZCI6MjY3LCJ1cmwiOiJodHRwczpcL1wvdGVzdC5uYXRhbGlhc3phdHliZWxrby5wbFwvd3AtY29udGVudFwvdXBsb2Fkc1wvMjAyNVwvMTFcLzEwMzgtb3JnX2E2ZGY1NGFkZjNiMzQxZmIxMGIzN2Y2YmQ4MjE2NzQ5LTEuanBnIiwic2xpZGVzaG93IjoiMDRlYzNkMCJ9\">\n\t\t\t\t\t<div class=\"e-gallery-image elementor-gallery-item__image\" data-thumbnail=\"https:\/\/test.nataliaszatybelko.pl\/wp-content\/uploads\/2025\/11\/1038-org_a6df54adf3b341fb10b37f6bd8216749-1.jpg\" data-width=\"1000\" data-height=\"668\" aria-label=\"\" role=\"img\" ><\/div>\n\t\t\t\t\t\t\t\t\t\t\t<div class=\"elementor-gallery-item__overlay\"><\/div>\n\t\t\t\t\t\t\t\t\t\t\t\t\t\t<\/a>\n\t\t\t\t\t\t\t<a class=\"e-gallery-item elementor-gallery-item elementor-animated-content\" href=\"https:\/\/test.nataliaszatybelko.pl\/wp-content\/uploads\/2025\/11\/lead-mini-4-2.jpg\" data-elementor-open-lightbox=\"yes\" data-elementor-lightbox-slideshow=\"04ec3d0\" data-elementor-lightbox-title=\"lead-mini-4-2\" data-e-action-hash=\"#elementor-action%3Aaction%3Dlightbox%26settings%3DeyJpZCI6OTcsInVybCI6Imh0dHBzOlwvXC90ZXN0Lm5hdGFsaWFzemF0eWJlbGtvLnBsXC93cC1jb250ZW50XC91cGxvYWRzXC8yMDI1XC8xMVwvbGVhZC1taW5pLTQtMi5qcGciLCJzbGlkZXNob3ciOiIwNGVjM2QwIn0%3D\">\n\t\t\t\t\t<div class=\"e-gallery-image elementor-gallery-item__image\" data-thumbnail=\"https:\/\/test.nataliaszatybelko.pl\/wp-content\/uploads\/2025\/11\/lead-mini-4-2.jpg\" data-width=\"480\" data-height=\"480\" aria-label=\"\" role=\"img\" ><\/div>\n\t\t\t\t\t\t\t\t\t\t\t<div class=\"elementor-gallery-item__overlay\"><\/div>\n\t\t\t\t\t\t\t\t\t\t\t\t\t\t<\/a>\n\t\t\t\t\t\t\t<a class=\"e-gallery-item elementor-gallery-item elementor-animated-content\" href=\"https:\/\/test.nataliaszatybelko.pl\/wp-content\/uploads\/2025\/11\/330386466_1271462183406046_5772445179422825211_n.jpg\" data-elementor-open-lightbox=\"yes\" data-elementor-lightbox-slideshow=\"04ec3d0\" data-elementor-lightbox-title=\"330386466_1271462183406046_5772445179422825211_n\" data-e-action-hash=\"#elementor-action%3Aaction%3Dlightbox%26settings%3DeyJpZCI6ODEsInVybCI6Imh0dHBzOlwvXC90ZXN0Lm5hdGFsaWFzemF0eWJlbGtvLnBsXC93cC1jb250ZW50XC91cGxvYWRzXC8yMDI1XC8xMVwvMzMwMzg2NDY2XzEyNzE0NjIxODM0MDYwNDZfNTc3MjQ0NTE3OTQyMjgyNTIxMV9uLmpwZyIsInNsaWRlc2hvdyI6IjA0ZWMzZDAifQ%3D%3D\">\n\t\t\t\t\t<div class=\"e-gallery-image elementor-gallery-item__image\" data-thumbnail=\"https:\/\/test.nataliaszatybelko.pl\/wp-content\/uploads\/2025\/11\/330386466_1271462183406046_5772445179422825211_n.jpg\" data-width=\"2048\" data-height=\"1365\" aria-label=\"\" role=\"img\" ><\/div>\n\t\t\t\t\t\t\t\t\t\t\t<div class=\"elementor-gallery-item__overlay\"><\/div>\n\t\t\t\t\t\t\t\t\t\t\t\t\t\t<\/a>\n\t\t\t\t\t<\/div>\n\t\t\t\t\t<\/div>\n\t\t\t\t\t<\/div>\n\t\t<\/div>\n\t\t\t\t\t<\/div>\n\t\t<\/section>\n\t\t\t\t<\/div>\n\t\t","protected":false},"excerpt":{"rendered":"<p>REALIZACJE Sprawd\u017a galeri\u0119 realizacji Je\u015bli szukasz wyj\u0105tkowych i naturalnych zdj\u0119\u0107 \u015blubnych, to jeste\u015b we w\u0142a\u015bciwym miejscu. Fotografia \u015blubna Galeria realizacji<\/p>\n","protected":false},"author":1,"featured_media":0,"parent":0,"menu_order":0,"comment_status":"closed","ping_status":"closed","template":"","meta":{"_eb_attr":"","site-sidebar-layout":"no-sidebar","site-content-layout":"","ast-site-content-layout":"full-width-container","site-content-style":"default","site-sidebar-style":"default","ast-global-header-display":"","ast-banner-title-visibility":"","ast-main-header-display":"","ast-hfb-above-header-display":"","ast-hfb-below-header-display":"","ast-hfb-mobile-header-display":"","site-post-title":"disabled","ast-breadcrumbs-content":"","ast-featured-img":"disabled","footer-sml-layout":"","theme-transparent-header-meta":"","adv-header-id-meta":"","stick-header-meta":"","header-above-stick-meta":"","header-main-stick-meta":"","header-below-stick-meta":"","astra-migrate-meta-layouts":"default","ast-page-background-enabled":"default","ast-page-background-meta":{"desktop":{"background-color":"var(--ast-global-color-5)","background-image":"","background-repeat":"repeat","background-position":"center center","background-size":"auto","background-attachment":"scroll","background-type":"","background-media":"","overlay-type":"","overlay-color":"","overlay-opacity":"","overlay-gradient":""},"tablet":{"background-color":"","background-image":"","background-repeat":"repeat","background-position":"center center","background-size":"auto","background-attachment":"scroll","background-type":"","background-media":"","overlay-type":"","overlay-color":"","overlay-opacity":"","overlay-gradient":""},"mobile":{"background-color":"","background-image":"","background-repeat":"repeat","background-position":"center center","background-size":"auto","background-attachment":"scroll","background-type":"","background-media":"","overlay-type":"","overlay-color":"","overlay-opacity":"","overlay-gradient":""}},"ast-content-background-meta":{"desktop":{"background-color":"var(--ast-global-color-4)","background-image":"","background-repeat":"repeat","background-position":"center center","background-size":"auto","background-attachment":"scroll","background-type":"","background-media":"","overlay-type":"","overlay-color":"","overlay-opacity":"","overlay-gradient":""},"tablet":{"background-color":"var(--ast-global-color-4)","background-image":"","background-repeat":"repeat","background-position":"center center","background-size":"auto","background-attachment":"scroll","background-type":"","background-media":"","overlay-type":"","overlay-color":"","overlay-opacity":"","overlay-gradient":""},"mobile":{"background-color":"var(--ast-global-color-4)","background-image":"","background-repeat":"repeat","background-position":"center center","background-size":"auto","background-attachment":"scroll","background-type":"","background-media":"","overlay-type":"","overlay-color":"","overlay-opacity":"","overlay-gradient":""}},"footnotes":""},"class_list":["post-262","page","type-page","status-publish","hentry"],"_links":{"self":[{"href":"https:\/\/test.nataliaszatybelko.pl\/index.php?rest_route=\/wp\/v2\/pages\/262","targetHints":{"allow":["GET"]}}],"collection":[{"href":"https:\/\/test.nataliaszatybelko.pl\/index.php?rest_route=\/wp\/v2\/pages"}],"about":[{"href":"https:\/\/test.nataliaszatybelko.pl\/index.php?rest_route=\/wp\/v2\/types\/page"}],"author":[{"embeddable":true,"href":"https:\/\/test.nataliaszatybelko.pl\/index.php?rest_route=\/wp\/v2\/users\/1"}],"replies":[{"embeddable":true,"href":"https:\/\/test.nataliaszatybelko.pl\/index.php?rest_route=%2Fwp%2Fv2%2Fcomments&post=262"}],"version-history":[{"count":37,"href":"https:\/\/test.nataliaszatybelko.pl\/index.php?rest_route=\/wp\/v2\/pages\/262\/revisions"}],"predecessor-version":[{"id":606,"href":"https:\/\/test.nataliaszatybelko.pl\/index.php?rest_route=\/wp\/v2\/pages\/262\/revisions\/606"}],"wp:attachment":[{"href":"https:\/\/test.nataliaszatybelko.pl\/index.php?rest_route=%2Fwp%2Fv2%2Fmedia&parent=262"}],"curies":[{"name":"wp","href":"https:\/\/api.w.org\/{rel}","templated":true}]}}